{"id":111,"date":"2022-06-28T12:00:06","date_gmt":"2022-06-28T10:00:06","guid":{"rendered":"https:\/\/demosites.io\/blogger-gb\/?page_id=6"},"modified":"2026-02-11T14:41:41","modified_gmt":"2026-02-11T13:41:41","slug":"figurentheater","status":"publish","type":"page","link":"https:\/\/doris-schwaller.ch\/index.php\/figurentheater\/","title":{"rendered":"Figurentheater"},"content":{"rendered":"\n<div id=\"wp-block-themeisle-blocks-advanced-columns-c3397b6c\" class=\"wp-block-themeisle-blocks-advanced-columns alignfull has-1-columns has-desktop-equal-layout has-tablet-equal-layout has-mobile-equal-layout has-vertical-unset\"><div class=\"wp-block-themeisle-blocks-advanced-columns-overlay\"><\/div><div class=\"innerblocks-wrap\">\n<div id=\"wp-block-themeisle-blocks-advanced-column-f1a738cd\" class=\"wp-block-themeisle-blocks-advanced-column\">\n<h1 class=\"wp-block-heading ticss-323b0dc0 has-neve-link-hover-color-color has-text-color\">Figurentheater<\/h1>\n<\/div>\n<\/div><\/div>\n\n\n\n<div id=\"wp-block-themeisle-blocks-advanced-columns-6ef3a742\" class=\"wp-block-themeisle-blocks-advanced-columns has-1-columns has-desktop-equal-layout has-tablet-equal-layout has-mobile-equal-layout has-vertical-unset ticss-7106b125\"><div class=\"wp-block-themeisle-blocks-advanced-columns-overlay\"><\/div><div class=\"innerblocks-wrap\">\n<div id=\"wp-block-themeisle-blocks-advanced-column-d9ea4360\" class=\"wp-block-themeisle-blocks-advanced-column\">\n<p class=\"ticss-7f79edee\">Ausgehend von einer allt\u00e4glichen Situation oder von einem Gegenstand verbinde ich meine Ideen mit einer bestehenden Geschichte zu einem neuen St\u00fcck.<\/p>\n\n\n\n<p class=\"has-text-align-left\">Beim Entwickeln, Finden und Verwerfen wachsen langsam B\u00fchne, Requisiten und Charakter der Figur zu einer eigenst\u00e4ndigen Interpretation der Erz\u00e4hlung.<\/p>\n\n\n\n<p class=\"has-text-align-left\">Mit Vorliebe spiele ich auf kleinem Raum &#8211; gerne auch draussen, in Schulen oder auf einer B\u00fchne.<\/p>\n\n\n\n<p>Kosten f\u00fcr ein Engagement auf Anfrage.<\/p>\n<\/div>\n<\/div><\/div>\n\n\n\n<div style=\"height:35px\" aria-hidden=\"true\" class=\"wp-block-spacer\"><\/div>\n\n\n\n<h2 class=\"wp-block-heading\">St\u00fccke<\/h2>\n\n\n\n<div id=\"wp-block-themeisle-blocks-advanced-columns-aa3b0619\" class=\"wp-block-themeisle-blocks-advanced-columns has-1-columns has-desktop-equal-layout has-tablet-equal-layout has-mobile-equal-layout has-vertical-unset ticss-b30e48b7\"><div class=\"wp-block-themeisle-blocks-advanced-columns-overlay\"><\/div><div class=\"innerblocks-wrap\">\n<div id=\"wp-block-themeisle-blocks-advanced-column-6c17eb47\" class=\"wp-block-themeisle-blocks-advanced-column ticss-f4e3f8dd\"><div class=\"wp-block-image\">\n<figure class=\"alignleft size-large is-resized\"><img loading=\"lazy\" decoding=\"async\" width=\"761\" height=\"1024\" src=\"https:\/\/doris-schwaller.ch\/wp-content\/uploads\/2026\/02\/4-Holle-Endfassung-fuer-Druck-bearbeitet-761x1024.jpg\" alt=\"\" class=\"wp-image-1244\" style=\"width:379px;height:530px\" srcset=\"https:\/\/doris-schwaller.ch\/wp-content\/uploads\/2026\/02\/4-Holle-Endfassung-fuer-Druck-bearbeitet-761x1024.jpg 761w, https:\/\/doris-schwaller.ch\/wp-content\/uploads\/2026\/02\/4-Holle-Endfassung-fuer-Druck-bearbeitet-223x300.jpg 223w, https:\/\/doris-schwaller.ch\/wp-content\/uploads\/2026\/02\/4-Holle-Endfassung-fuer-Druck-bearbeitet-768x1033.jpg 768w, https:\/\/doris-schwaller.ch\/wp-content\/uploads\/2026\/02\/4-Holle-Endfassung-fuer-Druck-bearbeitet.jpg 1130w\" sizes=\"auto, (max-width: 761px) 100vw, 761px\" \/><\/figure>\n<\/div>\n\n\n<h3 class=\"wp-block-heading has-12-font-size\"><strong><strong>Figurentheather<\/strong><\/strong><\/h3>\n\n\n\n<h2 class=\"wp-block-heading ticss-3f0188a5\">Die W\u00e4sche der <br>Frau Holle<\/h2>\n\n\n\n<p class=\"ticss-61677ecc\">Ein Figuren- und Erz\u00e4hltheater von Doris Schwaller,<br>nach den Gebr\u00fcdern Grimm.<br><br>Frau Holle ist das ganze Jahr \u00fcber emsig am Werk. In ihrem Garten sind die unterschiedlichsten G\u00e4ste anzutreffen. Es ist ein Kommen und Gehen.<br>Die W\u00e4sche flattert lustig im Wind. Ob Mensch oder Tier, Wind oder Sonne, alle tragen mit ihrem Tun bei, dass das Gute gelingt und der Lohn gerecht ist.<br>Eine Geschichte vom Tun und Lassen,<br>vom Suchen und Finden.<br><br>Ab 5 Jahren<br>50 Minuten<\/p>\n<\/div>\n<\/div><\/div>\n\n\n\n<div id=\"wp-block-themeisle-blocks-advanced-columns-bc0c8712\" class=\"wp-block-themeisle-blocks-advanced-columns has-1-columns has-desktop-equal-layout has-tablet-equal-layout has-mobile-equal-layout has-vertical-unset ticss-b30e48b7\"><div class=\"wp-block-themeisle-blocks-advanced-columns-overlay\"><\/div><div class=\"innerblocks-wrap\">\n<div id=\"wp-block-themeisle-blocks-advanced-column-a1aca06c\" class=\"wp-block-themeisle-blocks-advanced-column ticss-f4e3f8dd\"><div class=\"wp-block-image\">\n<figure class=\"alignleft size-large is-resized\"><img loading=\"lazy\" decoding=\"async\" width=\"725\" height=\"1024\" src=\"https:\/\/doris-schwaller.ch\/wp-content\/uploads\/2023\/01\/Chlaus-Web-725x1024.jpg\" alt=\"\" class=\"wp-image-631\" style=\"width:379px;height:530px\" srcset=\"https:\/\/doris-schwaller.ch\/wp-content\/uploads\/2023\/01\/Chlaus-Web-725x1024.jpg 725w, https:\/\/doris-schwaller.ch\/wp-content\/uploads\/2023\/01\/Chlaus-Web-212x300.jpg 212w, https:\/\/doris-schwaller.ch\/wp-content\/uploads\/2023\/01\/Chlaus-Web-768x1085.jpg 768w, https:\/\/doris-schwaller.ch\/wp-content\/uploads\/2023\/01\/Chlaus-Web-1087x1536.jpg 1087w, https:\/\/doris-schwaller.ch\/wp-content\/uploads\/2023\/01\/Chlaus-Web.jpg 1212w\" sizes=\"auto, (max-width: 725px) 100vw, 725px\" \/><\/figure>\n<\/div>\n\n\n<h3 class=\"wp-block-heading has-12-font-size\"><strong><strong>Figurentheather<\/strong><\/strong><\/h3>\n\n\n\n<h2 class=\"wp-block-heading ticss-3f0188a5\">Sami, der Chlaus<\/h2>\n\n\n\n<p class=\"ticss-61677ecc\">Ein Figuren- und Erz\u00e4hltheater von Doris Schwaller,<br>nach der Legende vom Nikolaus (2022).<br><br>Die Geschichte vom Nikolaus steht in einem dicken Buch geschrieben. <br>Sie ist so alt wie der Winter und landet jedes Jahr bei den Kindern in der Stube.<br>Auch die Maus kennt diese Geschichte! <br>Sie weiss, wo der Chlaus wohnt, wer seine Gef\u00e4hrten sind und ob es nur den Einen gibt\u2026<br>Eine Geschichte vom \u00dcberraschtwerden und Schenken.<br><br>Ab 4 Jahren<br>30 Minuten<\/p>\n<\/div>\n<\/div><\/div>\n\n\n\n<div style=\"height:50px\" aria-hidden=\"true\" class=\"wp-block-spacer\"><\/div>\n\n\n\n<div id=\"wp-block-themeisle-blocks-advanced-columns-1c44e4ad\" class=\"wp-block-themeisle-blocks-advanced-columns has-1-columns has-desktop-equal-layout has-tablet-equal-layout has-mobile-equal-layout has-vertical-unset\"><div class=\"wp-block-themeisle-blocks-advanced-columns-overlay\"><\/div><div class=\"innerblocks-wrap\">\n<div id=\"wp-block-themeisle-blocks-advanced-column-2b2efab2\" class=\"wp-block-themeisle-blocks-advanced-column\"><div class=\"wp-block-image\">\n<figure class=\"alignleft size-large is-resized\"><img loading=\"lazy\" decoding=\"async\" width=\"731\" height=\"1024\" src=\"https:\/\/doris-schwaller.ch\/wp-content\/uploads\/2022\/08\/Bremer-Web-731x1024.jpg\" alt=\"\" class=\"wp-image-314\" style=\"width:379px;height:530px\" srcset=\"https:\/\/doris-schwaller.ch\/wp-content\/uploads\/2022\/08\/Bremer-Web-731x1024.jpg 731w, https:\/\/doris-schwaller.ch\/wp-content\/uploads\/2022\/08\/Bremer-Web-214x300.jpg 214w, https:\/\/doris-schwaller.ch\/wp-content\/uploads\/2022\/08\/Bremer-Web-768x1075.jpg 768w, https:\/\/doris-schwaller.ch\/wp-content\/uploads\/2022\/08\/Bremer-Web-1097x1536.jpg 1097w, https:\/\/doris-schwaller.ch\/wp-content\/uploads\/2022\/08\/Bremer-Web-1463x2048.jpg 1463w, https:\/\/doris-schwaller.ch\/wp-content\/uploads\/2022\/08\/Bremer-Web-scaled.jpg 1828w\" sizes=\"auto, (max-width: 731px) 100vw, 731px\" \/><\/figure>\n<\/div>\n\n\n<h3 class=\"wp-block-heading has-12-font-size\"><strong><strong>Figurentheather<\/strong><\/strong><\/h3>\n\n\n\n<h2 class=\"wp-block-heading\">Die Bremer&#8230;<\/h2>\n\n\n\n<p>Ein Figuren- und Erz\u00e4hltheater von Doris Schwaller,<br>nach den Gebr\u00fcdern Grimm (2019).<br><br>Wer tr\u00e4umt nicht davon, einfach einmal abzuhauen<br>und das zu machen, worauf man Lust hat?<br>Vier Tiere tun es!<br>Sie richten sich im Chaos einer verlassenen R\u00e4uberbude ein. Ob sie musikalisch sind, wie behauptet wird,<br>weiss niemand recht\u2026<br>Aus einer alten Obstkiste purzelt die Geschichte von neuen Ideen, wenn die vergangenen nichts mehr taugen.<br><br>Ab 4 Jahren<br>50 Minuten (f\u00fcr Spielgruppen 30 Minuten)<\/p>\n<\/div>\n<\/div><\/div>\n\n\n\n<div style=\"height:50px\" aria-hidden=\"true\" class=\"wp-block-spacer\"><\/div>\n\n\n\n<div id=\"wp-block-themeisle-blocks-advanced-columns-175bff24\" class=\"wp-block-themeisle-blocks-advanced-columns has-1-columns has-desktop-equal-layout has-tablet-equal-layout has-mobile-equal-layout has-vertical-unset\"><div class=\"wp-block-themeisle-blocks-advanced-columns-overlay\"><\/div><div class=\"innerblocks-wrap\">\n<div id=\"wp-block-themeisle-blocks-advanced-column-89be4db2\" class=\"wp-block-themeisle-blocks-advanced-column\"><div class=\"wp-block-image\">\n<figure class=\"alignleft size-large is-resized\"><img loading=\"lazy\" decoding=\"async\" width=\"736\" height=\"1024\" src=\"https:\/\/doris-schwaller.ch\/wp-content\/uploads\/2022\/08\/Spanneland-Web-736x1024.jpg\" alt=\"\" class=\"wp-image-326\" style=\"width:379px;height:530px\" srcset=\"https:\/\/doris-schwaller.ch\/wp-content\/uploads\/2022\/08\/Spanneland-Web-736x1024.jpg 736w, https:\/\/doris-schwaller.ch\/wp-content\/uploads\/2022\/08\/Spanneland-Web-216x300.jpg 216w, https:\/\/doris-schwaller.ch\/wp-content\/uploads\/2022\/08\/Spanneland-Web-768x1069.jpg 768w, https:\/\/doris-schwaller.ch\/wp-content\/uploads\/2022\/08\/Spanneland-Web-1104x1536.jpg 1104w, https:\/\/doris-schwaller.ch\/wp-content\/uploads\/2022\/08\/Spanneland-Web-1472x2048.jpg 1472w, https:\/\/doris-schwaller.ch\/wp-content\/uploads\/2022\/08\/Spanneland-Web-scaled.jpg 1840w\" sizes=\"auto, (max-width: 736px) 100vw, 736px\" \/><\/figure>\n<\/div>\n\n\n<h3 class=\"wp-block-heading has-12-font-size\"><strong><strong><strong>Figurentheather<\/strong><\/strong><\/strong><\/h3>\n\n\n\n<h2 class=\"wp-block-heading\">Spanneland<\/h2>\n\n\n\n<p>Ein Figuren- und Erz\u00e4hltheater von Doris Schwaller,<br>nach einem deutschen M\u00e4rchen (2020).<br><br>Grossmutter kennt so viele Geschichten!<br>H\u00f6rt man ihr genau zu, gelangt man in jenen Wald,<br>wo das ungew\u00f6hnliche H\u00e4uschen steht.<br>Nur wer sich in die Unordnung dieser kleinen Welt traut, erlebt ein goldenes Wunder\u2026<br>Eine Geschichte \u00fcber Erinnerungen,<br>sich trauen und gewinnen.<br><br>Ab 5 Jahren<br>35 Minuten<\/p>\n<\/div>\n<\/div><\/div>\n\n\n\n<div style=\"height:100px\" aria-hidden=\"true\" class=\"wp-block-spacer\"><\/div>\n","protected":false},"excerpt":{"rendered":"<p>St\u00fccke<\/p>\n","protected":false},"author":1,"featured_media":0,"parent":0,"menu_order":0,"comment_status":"closed","ping_status":"closed","template":"","meta":{"neve_meta_sidebar":"full-width","neve_meta_container":"","neve_meta_enable_content_width":"on","neve_meta_content_width":100,"neve_meta_title_alignment":"","neve_meta_author_avatar":"","neve_post_elements_order":"","neve_meta_disable_header":"","neve_meta_disable_footer":"","neve_meta_disable_title":"on","ngg_post_thumbnail":0,"_themeisle_gutenberg_block_has_review":false,"footnotes":""},"class_list":["post-111","page","type-page","status-publish","hentry"],"yoast_head":"<!-- This site is optimized with the Yoast SEO plugin v24.1 - https:\/\/yoast.com\/wordpress\/plugins\/seo\/ -->\n<title>Figurentheater - Figurentheater Doris<\/title>\n<meta name=\"robots\" content=\"index, follow, max-snippet:-1, max-image-preview:large, max-video-preview:-1\" \/>\n<link rel=\"canonical\" href=\"https:\/\/doris-schwaller.ch\/index.php\/figurentheater\/\" \/>\n<meta property=\"og:locale\" content=\"de_DE\" \/>\n<meta property=\"og:type\" content=\"article\" \/>\n<meta property=\"og:title\" content=\"Figurentheater - Figurentheater Doris\" \/>\n<meta property=\"og:description\" content=\"St\u00fccke\" \/>\n<meta property=\"og:url\" content=\"https:\/\/doris-schwaller.ch\/index.php\/figurentheater\/\" \/>\n<meta property=\"og:site_name\" content=\"Figurentheater Doris\" \/>\n<meta property=\"article:modified_time\" content=\"2026-02-11T13:41:41+00:00\" \/>\n<meta property=\"og:image\" content=\"https:\/\/doris-schwaller.ch\/wp-content\/uploads\/2026\/02\/4-Holle-Endfassung-fuer-Druck-bearbeitet.jpg\" \/>\n\t<meta property=\"og:image:width\" content=\"1130\" \/>\n\t<meta property=\"og:image:height\" content=\"1520\" \/>\n\t<meta property=\"og:image:type\" content=\"image\/jpeg\" \/>\n<meta name=\"twitter:card\" content=\"summary_large_image\" \/>\n<meta name=\"twitter:label1\" content=\"Gesch\u00e4tzte Lesezeit\" \/>\n\t<meta name=\"twitter:data1\" content=\"3\u00a0Minuten\" \/>\n<script type=\"application\/ld+json\" class=\"yoast-schema-graph\">{\"@context\":\"https:\/\/schema.org\",\"@graph\":[{\"@type\":\"WebPage\",\"@id\":\"https:\/\/doris-schwaller.ch\/index.php\/figurentheater\/\",\"url\":\"https:\/\/doris-schwaller.ch\/index.php\/figurentheater\/\",\"name\":\"Figurentheater - Figurentheater Doris\",\"isPartOf\":{\"@id\":\"https:\/\/doris-schwaller.ch\/#website\"},\"primaryImageOfPage\":{\"@id\":\"https:\/\/doris-schwaller.ch\/index.php\/figurentheater\/#primaryimage\"},\"image\":{\"@id\":\"https:\/\/doris-schwaller.ch\/index.php\/figurentheater\/#primaryimage\"},\"thumbnailUrl\":\"https:\/\/doris-schwaller.ch\/wp-content\/uploads\/2026\/02\/4-Holle-Endfassung-fuer-Druck-bearbeitet-761x1024.jpg\",\"datePublished\":\"2022-06-28T10:00:06+00:00\",\"dateModified\":\"2026-02-11T13:41:41+00:00\",\"breadcrumb\":{\"@id\":\"https:\/\/doris-schwaller.ch\/index.php\/figurentheater\/#breadcrumb\"},\"inLanguage\":\"de\",\"potentialAction\":[{\"@type\":\"ReadAction\",\"target\":[\"https:\/\/doris-schwaller.ch\/index.php\/figurentheater\/\"]}]},{\"@type\":\"ImageObject\",\"inLanguage\":\"de\",\"@id\":\"https:\/\/doris-schwaller.ch\/index.php\/figurentheater\/#primaryimage\",\"url\":\"https:\/\/doris-schwaller.ch\/wp-content\/uploads\/2026\/02\/4-Holle-Endfassung-fuer-Druck-bearbeitet.jpg\",\"contentUrl\":\"https:\/\/doris-schwaller.ch\/wp-content\/uploads\/2026\/02\/4-Holle-Endfassung-fuer-Druck-bearbeitet.jpg\",\"width\":1130,\"height\":1520},{\"@type\":\"BreadcrumbList\",\"@id\":\"https:\/\/doris-schwaller.ch\/index.php\/figurentheater\/#breadcrumb\",\"itemListElement\":[{\"@type\":\"ListItem\",\"position\":1,\"name\":\"Startseite\",\"item\":\"https:\/\/doris-schwaller.ch\/\"},{\"@type\":\"ListItem\",\"position\":2,\"name\":\"Figurentheater\"}]},{\"@type\":\"WebSite\",\"@id\":\"https:\/\/doris-schwaller.ch\/#website\",\"url\":\"https:\/\/doris-schwaller.ch\/\",\"name\":\"Figurentheater Doris\",\"description\":\"Website \u00fcber Figurentheater und Erz\u00e4hlkunst\",\"potentialAction\":[{\"@type\":\"SearchAction\",\"target\":{\"@type\":\"EntryPoint\",\"urlTemplate\":\"https:\/\/doris-schwaller.ch\/?s={search_term_string}\"},\"query-input\":{\"@type\":\"PropertyValueSpecification\",\"valueRequired\":true,\"valueName\":\"search_term_string\"}}],\"inLanguage\":\"de\"}]}<\/script>\n<!-- \/ Yoast SEO plugin. -->","yoast_head_json":{"title":"Figurentheater - Figurentheater Doris","robots":{"index":"index","follow":"follow","max-snippet":"max-snippet:-1","max-image-preview":"max-image-preview:large","max-video-preview":"max-video-preview:-1"},"canonical":"https:\/\/doris-schwaller.ch\/index.php\/figurentheater\/","og_locale":"de_DE","og_type":"article","og_title":"Figurentheater - Figurentheater Doris","og_description":"St\u00fccke","og_url":"https:\/\/doris-schwaller.ch\/index.php\/figurentheater\/","og_site_name":"Figurentheater Doris","article_modified_time":"2026-02-11T13:41:41+00:00","og_image":[{"width":1130,"height":1520,"url":"https:\/\/doris-schwaller.ch\/wp-content\/uploads\/2026\/02\/4-Holle-Endfassung-fuer-Druck-bearbeitet.jpg","type":"image\/jpeg"}],"twitter_card":"summary_large_image","twitter_misc":{"Gesch\u00e4tzte Lesezeit":"3\u00a0Minuten"},"schema":{"@context":"https:\/\/schema.org","@graph":[{"@type":"WebPage","@id":"https:\/\/doris-schwaller.ch\/index.php\/figurentheater\/","url":"https:\/\/doris-schwaller.ch\/index.php\/figurentheater\/","name":"Figurentheater - Figurentheater Doris","isPartOf":{"@id":"https:\/\/doris-schwaller.ch\/#website"},"primaryImageOfPage":{"@id":"https:\/\/doris-schwaller.ch\/index.php\/figurentheater\/#primaryimage"},"image":{"@id":"https:\/\/doris-schwaller.ch\/index.php\/figurentheater\/#primaryimage"},"thumbnailUrl":"https:\/\/doris-schwaller.ch\/wp-content\/uploads\/2026\/02\/4-Holle-Endfassung-fuer-Druck-bearbeitet-761x1024.jpg","datePublished":"2022-06-28T10:00:06+00:00","dateModified":"2026-02-11T13:41:41+00:00","breadcrumb":{"@id":"https:\/\/doris-schwaller.ch\/index.php\/figurentheater\/#breadcrumb"},"inLanguage":"de","potentialAction":[{"@type":"ReadAction","target":["https:\/\/doris-schwaller.ch\/index.php\/figurentheater\/"]}]},{"@type":"ImageObject","inLanguage":"de","@id":"https:\/\/doris-schwaller.ch\/index.php\/figurentheater\/#primaryimage","url":"https:\/\/doris-schwaller.ch\/wp-content\/uploads\/2026\/02\/4-Holle-Endfassung-fuer-Druck-bearbeitet.jpg","contentUrl":"https:\/\/doris-schwaller.ch\/wp-content\/uploads\/2026\/02\/4-Holle-Endfassung-fuer-Druck-bearbeitet.jpg","width":1130,"height":1520},{"@type":"BreadcrumbList","@id":"https:\/\/doris-schwaller.ch\/index.php\/figurentheater\/#breadcrumb","itemListElement":[{"@type":"ListItem","position":1,"name":"Startseite","item":"https:\/\/doris-schwaller.ch\/"},{"@type":"ListItem","position":2,"name":"Figurentheater"}]},{"@type":"WebSite","@id":"https:\/\/doris-schwaller.ch\/#website","url":"https:\/\/doris-schwaller.ch\/","name":"Figurentheater Doris","description":"Website \u00fcber Figurentheater und Erz\u00e4hlkunst","potentialAction":[{"@type":"SearchAction","target":{"@type":"EntryPoint","urlTemplate":"https:\/\/doris-schwaller.ch\/?s={search_term_string}"},"query-input":{"@type":"PropertyValueSpecification","valueRequired":true,"valueName":"search_term_string"}}],"inLanguage":"de"}]}},"_links":{"self":[{"href":"https:\/\/doris-schwaller.ch\/index.php\/wp-json\/wp\/v2\/pages\/111","targetHints":{"allow":["GET"]}}],"collection":[{"href":"https:\/\/doris-schwaller.ch\/index.php\/wp-json\/wp\/v2\/pages"}],"about":[{"href":"https:\/\/doris-schwaller.ch\/index.php\/wp-json\/wp\/v2\/types\/page"}],"author":[{"embeddable":true,"href":"https:\/\/doris-schwaller.ch\/index.php\/wp-json\/wp\/v2\/users\/1"}],"replies":[{"embeddable":true,"href":"https:\/\/doris-schwaller.ch\/index.php\/wp-json\/wp\/v2\/comments?post=111"}],"version-history":[{"count":81,"href":"https:\/\/doris-schwaller.ch\/index.php\/wp-json\/wp\/v2\/pages\/111\/revisions"}],"predecessor-version":[{"id":1246,"href":"https:\/\/doris-schwaller.ch\/index.php\/wp-json\/wp\/v2\/pages\/111\/revisions\/1246"}],"wp:attachment":[{"href":"https:\/\/doris-schwaller.ch\/index.php\/wp-json\/wp\/v2\/media?parent=111"}],"curies":[{"name":"wp","href":"https:\/\/api.w.org\/{rel}","templated":true}]}}