{"id":252,"date":"2022-06-30T09:16:42","date_gmt":"2022-06-30T09:16:42","guid":{"rendered":"https:\/\/doris-schwaller.ch\/?page_id=252"},"modified":"2023-05-24T11:24:17","modified_gmt":"2023-05-24T09:24:17","slug":"erzaehlen","status":"publish","type":"page","link":"https:\/\/doris-schwaller.ch\/index.php\/erzaehlen\/","title":{"rendered":"Erz\u00e4hlen"},"content":{"rendered":"\n<div id=\"wp-block-themeisle-blocks-advanced-columns-c3397b6c\" class=\"wp-block-themeisle-blocks-advanced-columns alignfull has-1-columns has-desktop-equal-layout has-tablet-equal-layout has-mobile-equal-layout has-vertical-unset\"><div class=\"wp-block-themeisle-blocks-advanced-columns-overlay\"><\/div><div class=\"innerblocks-wrap\">\n<div id=\"wp-block-themeisle-blocks-advanced-column-f1a738cd\" class=\"wp-block-themeisle-blocks-advanced-column\">\n<h1 class=\"wp-block-heading ticss-323b0dc0 has-nv-c-1-color has-text-color\">Erz\u00e4hlen<\/h1>\n<\/div>\n<\/div><\/div>\n\n\n\n<div id=\"wp-block-themeisle-blocks-advanced-columns-5a83b79b\" class=\"wp-block-themeisle-blocks-advanced-columns alignfull has-2-columns has-desktop-twoOne-layout has-tablet-equal-layout has-mobile-collapsedRows-layout has-vertical-center ticss-e37fa470\"><div class=\"wp-block-themeisle-blocks-advanced-columns-overlay\"><\/div><div class=\"innerblocks-wrap\">\n<div id=\"wp-block-themeisle-blocks-advanced-column-02495679\" class=\"wp-block-themeisle-blocks-advanced-column ticss-48ef8f35\">\n<p>Aus der F\u00fclle von Erz\u00e4hlungen w\u00e4hle ich meine Geschichten aus. Es sind M\u00e4rchen, Fabeln, Sagen und Zeitgen\u00f6ssisches aus aller Welt. Sie schildern Freude und Leid, erz\u00e4hlen von arm und reich, von Mensch und Tier, von Zauber und Wirklichkeit\u2026.<\/p>\n\n\n\n<p>Die Zeitlosigkeit und Weisheit darin bringen uns zum Schmunzeln, Sinnieren, Weinen, \u00c4rgern und Staunen.<\/p>\n\n\n\n<p>Kurz, das Leben von uns Menschen spiegelt sich in Erz\u00e4hlungen.<\/p>\n\n\n\n<p><strong>Geschichten landen da, wo Menschen sich treffen! <\/strong>Mit Freude und einer Prise Humor erz\u00e4hle ich gerne an Ihrem Anlass. Sei es ein Geburtstag, eine Hochzeit; bei Ihnen zu Hause, an Kinderg\u00e4rten und Schulen, drinnen oder draussen.<\/p>\n\n\n\n<p>Kosten f\u00fcr ein Engagement auf Anfrage.<\/p>\n<\/div>\n\n\n\n<div id=\"wp-block-themeisle-blocks-advanced-column-67e16009\" class=\"wp-block-themeisle-blocks-advanced-column ticss-5418d6a3\"><\/div>\n<\/div><\/div>\n","protected":false},"excerpt":{"rendered":"","protected":false},"author":1,"featured_media":0,"parent":0,"menu_order":0,"comment_status":"closed","ping_status":"closed","template":"","meta":{"neve_meta_sidebar":"full-width","neve_meta_container":"","neve_meta_enable_content_width":"on","neve_meta_content_width":100,"neve_meta_title_alignment":"","neve_meta_author_avatar":"","neve_post_elements_order":"","neve_meta_disable_header":"","neve_meta_disable_footer":"","neve_meta_disable_title":"on","ngg_post_thumbnail":0,"_themeisle_gutenberg_block_has_review":false,"footnotes":""},"class_list":["post-252","page","type-page","status-publish","hentry"],"yoast_head":"<!-- This site is optimized with the Yoast SEO plugin v24.1 - https:\/\/yoast.com\/wordpress\/plugins\/seo\/ -->\n<title>Erz\u00e4hlen - Figurentheater Doris<\/title>\n<meta name=\"robots\" content=\"index, follow, max-snippet:-1, max-image-preview:large, max-video-preview:-1\" \/>\n<link rel=\"canonical\" href=\"https:\/\/doris-schwaller.ch\/index.php\/erzaehlen\/\" \/>\n<meta property=\"og:locale\" content=\"de_DE\" \/>\n<meta property=\"og:type\" content=\"article\" \/>\n<meta property=\"og:title\" content=\"Erz\u00e4hlen - Figurentheater Doris\" \/>\n<meta property=\"og:url\" content=\"https:\/\/doris-schwaller.ch\/index.php\/erzaehlen\/\" \/>\n<meta property=\"og:site_name\" content=\"Figurentheater Doris\" \/>\n<meta property=\"article:modified_time\" content=\"2023-05-24T09:24:17+00:00\" \/>\n<meta name=\"twitter:card\" content=\"summary_large_image\" \/>\n<meta name=\"twitter:label1\" content=\"Gesch\u00e4tzte Lesezeit\" \/>\n\t<meta name=\"twitter:data1\" content=\"1\u00a0Minute\" \/>\n<script type=\"application\/ld+json\" class=\"yoast-schema-graph\">{\"@context\":\"https:\/\/schema.org\",\"@graph\":[{\"@type\":\"WebPage\",\"@id\":\"https:\/\/doris-schwaller.ch\/index.php\/erzaehlen\/\",\"url\":\"https:\/\/doris-schwaller.ch\/index.php\/erzaehlen\/\",\"name\":\"Erz\u00e4hlen - Figurentheater Doris\",\"isPartOf\":{\"@id\":\"https:\/\/doris-schwaller.ch\/#website\"},\"datePublished\":\"2022-06-30T09:16:42+00:00\",\"dateModified\":\"2023-05-24T09:24:17+00:00\",\"breadcrumb\":{\"@id\":\"https:\/\/doris-schwaller.ch\/index.php\/erzaehlen\/#breadcrumb\"},\"inLanguage\":\"de\",\"potentialAction\":[{\"@type\":\"ReadAction\",\"target\":[\"https:\/\/doris-schwaller.ch\/index.php\/erzaehlen\/\"]}]},{\"@type\":\"BreadcrumbList\",\"@id\":\"https:\/\/doris-schwaller.ch\/index.php\/erzaehlen\/#breadcrumb\",\"itemListElement\":[{\"@type\":\"ListItem\",\"position\":1,\"name\":\"Startseite\",\"item\":\"https:\/\/doris-schwaller.ch\/\"},{\"@type\":\"ListItem\",\"position\":2,\"name\":\"Erz\u00e4hlen\"}]},{\"@type\":\"WebSite\",\"@id\":\"https:\/\/doris-schwaller.ch\/#website\",\"url\":\"https:\/\/doris-schwaller.ch\/\",\"name\":\"Figurentheater Doris\",\"description\":\"Website \u00fcber Figurentheater und Erz\u00e4hlkunst\",\"potentialAction\":[{\"@type\":\"SearchAction\",\"target\":{\"@type\":\"EntryPoint\",\"urlTemplate\":\"https:\/\/doris-schwaller.ch\/?s={search_term_string}\"},\"query-input\":{\"@type\":\"PropertyValueSpecification\",\"valueRequired\":true,\"valueName\":\"search_term_string\"}}],\"inLanguage\":\"de\"}]}<\/script>\n<!-- \/ Yoast SEO plugin. -->","yoast_head_json":{"title":"Erz\u00e4hlen - Figurentheater Doris","robots":{"index":"index","follow":"follow","max-snippet":"max-snippet:-1","max-image-preview":"max-image-preview:large","max-video-preview":"max-video-preview:-1"},"canonical":"https:\/\/doris-schwaller.ch\/index.php\/erzaehlen\/","og_locale":"de_DE","og_type":"article","og_title":"Erz\u00e4hlen - Figurentheater Doris","og_url":"https:\/\/doris-schwaller.ch\/index.php\/erzaehlen\/","og_site_name":"Figurentheater Doris","article_modified_time":"2023-05-24T09:24:17+00:00","twitter_card":"summary_large_image","twitter_misc":{"Gesch\u00e4tzte Lesezeit":"1\u00a0Minute"},"schema":{"@context":"https:\/\/schema.org","@graph":[{"@type":"WebPage","@id":"https:\/\/doris-schwaller.ch\/index.php\/erzaehlen\/","url":"https:\/\/doris-schwaller.ch\/index.php\/erzaehlen\/","name":"Erz\u00e4hlen - Figurentheater Doris","isPartOf":{"@id":"https:\/\/doris-schwaller.ch\/#website"},"datePublished":"2022-06-30T09:16:42+00:00","dateModified":"2023-05-24T09:24:17+00:00","breadcrumb":{"@id":"https:\/\/doris-schwaller.ch\/index.php\/erzaehlen\/#breadcrumb"},"inLanguage":"de","potentialAction":[{"@type":"ReadAction","target":["https:\/\/doris-schwaller.ch\/index.php\/erzaehlen\/"]}]},{"@type":"BreadcrumbList","@id":"https:\/\/doris-schwaller.ch\/index.php\/erzaehlen\/#breadcrumb","itemListElement":[{"@type":"ListItem","position":1,"name":"Startseite","item":"https:\/\/doris-schwaller.ch\/"},{"@type":"ListItem","position":2,"name":"Erz\u00e4hlen"}]},{"@type":"WebSite","@id":"https:\/\/doris-schwaller.ch\/#website","url":"https:\/\/doris-schwaller.ch\/","name":"Figurentheater Doris","description":"Website \u00fcber Figurentheater und Erz\u00e4hlkunst","potentialAction":[{"@type":"SearchAction","target":{"@type":"EntryPoint","urlTemplate":"https:\/\/doris-schwaller.ch\/?s={search_term_string}"},"query-input":{"@type":"PropertyValueSpecification","valueRequired":true,"valueName":"search_term_string"}}],"inLanguage":"de"}]}},"_links":{"self":[{"href":"https:\/\/doris-schwaller.ch\/index.php\/wp-json\/wp\/v2\/pages\/252","targetHints":{"allow":["GET"]}}],"collection":[{"href":"https:\/\/doris-schwaller.ch\/index.php\/wp-json\/wp\/v2\/pages"}],"about":[{"href":"https:\/\/doris-schwaller.ch\/index.php\/wp-json\/wp\/v2\/types\/page"}],"author":[{"embeddable":true,"href":"https:\/\/doris-schwaller.ch\/index.php\/wp-json\/wp\/v2\/users\/1"}],"replies":[{"embeddable":true,"href":"https:\/\/doris-schwaller.ch\/index.php\/wp-json\/wp\/v2\/comments?post=252"}],"version-history":[{"count":36,"href":"https:\/\/doris-schwaller.ch\/index.php\/wp-json\/wp\/v2\/pages\/252\/revisions"}],"predecessor-version":[{"id":1028,"href":"https:\/\/doris-schwaller.ch\/index.php\/wp-json\/wp\/v2\/pages\/252\/revisions\/1028"}],"wp:attachment":[{"href":"https:\/\/doris-schwaller.ch\/index.php\/wp-json\/wp\/v2\/media?parent=252"}],"curies":[{"name":"wp","href":"https:\/\/api.w.org\/{rel}","templated":true}]}}