{"id":484,"date":"2022-10-17T19:49:36","date_gmt":"2022-10-17T19:49:36","guid":{"rendered":"https:\/\/doris-schwaller.ch\/?page_id=484"},"modified":"2025-05-27T17:15:39","modified_gmt":"2025-05-27T15:15:39","slug":"zu-mir","status":"publish","type":"page","link":"https:\/\/doris-schwaller.ch\/index.php\/zu-mir\/","title":{"rendered":"Zu mir"},"content":{"rendered":"\n<div style=\"height:80px\" aria-hidden=\"true\" class=\"wp-block-spacer\"><\/div>\n\n\n\n<h1 class=\"wp-block-heading has-nv-c-1-color has-text-color\">Doris Schwaller<\/h1>\n\n\n\n<div id=\"wp-block-themeisle-blocks-advanced-columns-b9aa2ff5\" class=\"wp-block-themeisle-blocks-advanced-columns alignfull has-2-columns has-desktop-equal-layout has-tablet-collapsedRows-layout has-mobile-collapsedRows-layout has-vertical-unset https:\/\/doris-schwaller.ch\/#biografie\/\"><div class=\"wp-block-themeisle-blocks-advanced-columns-overlay\"><\/div><div class=\"innerblocks-wrap\">\n<div id=\"wp-block-themeisle-blocks-advanced-column-96af6068\" class=\"wp-block-themeisle-blocks-advanced-column ticss-48ef8f35\">\n<p>Ein Kleid, gen\u00e4ht aus Worten.<br>Taschen, prall mit Welten.<br>Eine Pirsch durch Bilder bergauf und -ab.<br>Der Horizont, ein treuer Begleiter.<br>Knabbern am Gl\u00fcck, dazu ein T\u00e4sschen Mut.<br>Nachts mit dem Vertrauen unter die Decke schl\u00fcpfen.<br>Ob Tier oder Mensch.<br>Das Leben f\u00fcttern, dem Tod die M\u00e4hne kraueln.<br>Tr\u00e4ume sch\u00fctteln,<br>bis eine Geschichte landet in Wort und Tat.<br><\/p>\n\n\n\n<p>Was f\u00fcr ein Theater!<br>Was f\u00fcr eine Geschichte!<br>Was f\u00fcr eine Freude!<\/p>\n\n\n\n<p><strong>Daf\u00fcr schl\u00e4gt mein Herz.<\/strong><\/p>\n<\/div>\n\n\n\n<div id=\"wp-block-themeisle-blocks-advanced-column-35d2c12c\" class=\"wp-block-themeisle-blocks-advanced-column ticss-5418d6a3\">\n<figure class=\"wp-block-image size-large is-resized is-style-default ticss-9ce94dd9\"><img loading=\"lazy\" decoding=\"async\" width=\"768\" height=\"1024\" src=\"https:\/\/doris-schwaller.ch\/wp-content\/uploads\/2023\/03\/biografie_foto_doris-768x1024.jpg\" alt=\"\" class=\"wp-image-878\" style=\"width:360px\" srcset=\"https:\/\/doris-schwaller.ch\/wp-content\/uploads\/2023\/03\/biografie_foto_doris-768x1024.jpg 768w, https:\/\/doris-schwaller.ch\/wp-content\/uploads\/2023\/03\/biografie_foto_doris-225x300.jpg 225w, https:\/\/doris-schwaller.ch\/wp-content\/uploads\/2023\/03\/biografie_foto_doris-1152x1536.jpg 1152w, https:\/\/doris-schwaller.ch\/wp-content\/uploads\/2023\/03\/biografie_foto_doris-1536x2048.jpg 1536w, https:\/\/doris-schwaller.ch\/wp-content\/uploads\/2023\/03\/biografie_foto_doris-scaled.jpg 1920w\" sizes=\"auto, (max-width: 768px) 100vw, 768px\" \/><\/figure>\n<\/div>\n<\/div><\/div>\n\n\n\n<h2 class=\"wp-block-heading\">Zu mir<\/h2>\n\n\n\n<div style=\"height:25px\" aria-hidden=\"true\" class=\"wp-block-spacer\"><\/div>\n\n\n\n<div id=\"wp-block-themeisle-blocks-advanced-columns-070f4a64\" class=\"wp-block-themeisle-blocks-advanced-columns has-3-columns has-desktop-equal-layout has-tablet-equal-layout has-mobile-collapsedRows-layout has-vertical-unset\"><div class=\"wp-block-themeisle-blocks-advanced-columns-overlay\"><\/div><div class=\"innerblocks-wrap\">\n<div id=\"wp-block-themeisle-blocks-advanced-column-654f01de\" class=\"wp-block-themeisle-blocks-advanced-column\">\n<p class=\"has-text-align-left has-nv-c-2-color has-text-color\"><strong>\u2026derzeit<\/strong><\/p>\n<\/div>\n\n\n\n<div id=\"wp-block-themeisle-blocks-advanced-column-fbd4a236\" class=\"wp-block-themeisle-blocks-advanced-column\">\n<p>Figurenspielerin, Erz\u00e4hlerin<\/p>\n<\/div>\n\n\n\n<div id=\"wp-block-themeisle-blocks-advanced-column-5cf8d8cc\" class=\"wp-block-themeisle-blocks-advanced-column\"><\/div>\n<\/div><\/div>\n\n\n\n<div id=\"wp-block-themeisle-blocks-advanced-columns-d0b045e4\" class=\"wp-block-themeisle-blocks-advanced-columns has-3-columns has-desktop-equal-layout has-tablet-equal-layout has-mobile-collapsedRows-layout has-vertical-unset\"><div class=\"wp-block-themeisle-blocks-advanced-columns-overlay\"><\/div><div class=\"innerblocks-wrap\">\n<div id=\"wp-block-themeisle-blocks-advanced-column-9eaec234\" class=\"wp-block-themeisle-blocks-advanced-column\">\n<p class=\"has-text-align-left has-nv-c-2-color has-text-color\"><strong>1993 \u2013 derzeit<\/strong><\/p>\n<\/div>\n\n\n\n<div id=\"wp-block-themeisle-blocks-advanced-column-7df2cc6d\" class=\"wp-block-themeisle-blocks-advanced-column\">\n<p>Kinderg\u00e4rtnerin<\/p>\n<\/div>\n\n\n\n<div id=\"wp-block-themeisle-blocks-advanced-column-21f2dd4d\" class=\"wp-block-themeisle-blocks-advanced-column\"><\/div>\n<\/div><\/div>\n\n\n\n<div id=\"wp-block-themeisle-blocks-advanced-columns-98bb8e05\" class=\"wp-block-themeisle-blocks-advanced-columns has-3-columns has-desktop-equal-layout has-tablet-equal-layout has-mobile-collapsedRows-layout has-vertical-unset\"><div class=\"wp-block-themeisle-blocks-advanced-columns-overlay\"><\/div><div class=\"innerblocks-wrap\">\n<div id=\"wp-block-themeisle-blocks-advanced-column-126a0ab4\" class=\"wp-block-themeisle-blocks-advanced-column\">\n<p class=\"has-text-align-left has-nv-c-2-color has-text-color\"><strong>2024<\/strong><\/p>\n<\/div>\n\n\n\n<div id=\"wp-block-themeisle-blocks-advanced-column-eb8ec357\" class=\"wp-block-themeisle-blocks-advanced-column\">\n<p>Erz\u00e4hlerin f\u00fcr das CHINDERNETZ \/ Inselspital, Bern<\/p>\n<\/div>\n\n\n\n<div id=\"wp-block-themeisle-blocks-advanced-column-0f3f333f\" class=\"wp-block-themeisle-blocks-advanced-column\"><\/div>\n<\/div><\/div>\n\n\n\n<div id=\"wp-block-themeisle-blocks-advanced-columns-15dbd243\" class=\"wp-block-themeisle-blocks-advanced-columns has-3-columns has-desktop-equal-layout has-tablet-equal-layout has-mobile-collapsedRows-layout has-vertical-unset\"><div class=\"wp-block-themeisle-blocks-advanced-columns-overlay\"><\/div><div class=\"innerblocks-wrap\">\n<div id=\"wp-block-themeisle-blocks-advanced-column-3034d739\" class=\"wp-block-themeisle-blocks-advanced-column\">\n<p class=\"has-text-align-left has-nv-c-2-color has-text-color\"><strong>2021 \u2013 2022<\/strong><\/p>\n<\/div>\n\n\n\n<div id=\"wp-block-themeisle-blocks-advanced-column-f77c47e6\" class=\"wp-block-themeisle-blocks-advanced-column\">\n<p>Weiterbildung in einfach \u2013 ERZ\u00c4HLEN \/ Brigitte Hirsig, Biel<\/p>\n<\/div>\n\n\n\n<div id=\"wp-block-themeisle-blocks-advanced-column-4e4b2aa4\" class=\"wp-block-themeisle-blocks-advanced-column\"><\/div>\n<\/div><\/div>\n\n\n\n<div id=\"wp-block-themeisle-blocks-advanced-columns-557b575a\" class=\"wp-block-themeisle-blocks-advanced-columns has-3-columns has-desktop-equal-layout has-tablet-equal-layout has-mobile-collapsedRows-layout has-vertical-unset\"><div class=\"wp-block-themeisle-blocks-advanced-columns-overlay\"><\/div><div class=\"innerblocks-wrap\">\n<div id=\"wp-block-themeisle-blocks-advanced-column-0ca0759d\" class=\"wp-block-themeisle-blocks-advanced-column\">\n<p class=\"has-text-align-left has-nv-c-2-color has-text-color\"><strong>2018 \u2013 2020<\/strong><\/p>\n<\/div>\n\n\n\n<div id=\"wp-block-themeisle-blocks-advanced-column-35546e7b\" class=\"wp-block-themeisle-blocks-advanced-column\">\n<p>Weiterbildung f\u00fcr Figurentheater \/ Liestal<\/p>\n<\/div>\n\n\n\n<div id=\"wp-block-themeisle-blocks-advanced-column-2f242be1\" class=\"wp-block-themeisle-blocks-advanced-column\"><\/div>\n<\/div><\/div>\n\n\n\n<div id=\"wp-block-themeisle-blocks-advanced-columns-16cee74c\" class=\"wp-block-themeisle-blocks-advanced-columns has-3-columns has-desktop-equal-layout has-tablet-equal-layout has-mobile-collapsedRows-layout has-vertical-unset\"><div class=\"wp-block-themeisle-blocks-advanced-columns-overlay\"><\/div><div class=\"innerblocks-wrap\">\n<div id=\"wp-block-themeisle-blocks-advanced-column-90809697\" class=\"wp-block-themeisle-blocks-advanced-column\">\n<p class=\"has-text-align-left has-nv-c-2-color has-text-color\"><strong>2007 <strong>\u2013<\/strong> 2014<\/strong><\/p>\n<\/div>\n\n\n\n<div id=\"wp-block-themeisle-blocks-advanced-column-c52a73ed\" class=\"wp-block-themeisle-blocks-advanced-column\">\n<p>Mimos Figurentheater<\/p>\n<\/div>\n\n\n\n<div id=\"wp-block-themeisle-blocks-advanced-column-1ad76b61\" class=\"wp-block-themeisle-blocks-advanced-column\"><\/div>\n<\/div><\/div>\n\n\n\n<div id=\"wp-block-themeisle-blocks-advanced-columns-f2aeec64\" class=\"wp-block-themeisle-blocks-advanced-columns has-3-columns has-desktop-equal-layout has-tablet-equal-layout has-mobile-collapsedRows-layout has-vertical-unset\"><div class=\"wp-block-themeisle-blocks-advanced-columns-overlay\"><\/div><div class=\"innerblocks-wrap\">\n<div id=\"wp-block-themeisle-blocks-advanced-column-4c481f4c\" class=\"wp-block-themeisle-blocks-advanced-column\">\n<p class=\"has-text-align-left has-nv-c-2-color has-text-color\"><strong>2003 \u2013 derzeit<\/strong><\/p>\n<\/div>\n\n\n\n<div id=\"wp-block-themeisle-blocks-advanced-column-2e0a19ae\" class=\"wp-block-themeisle-blocks-advanced-column\">\n<p>Familie mit 3 Kindern<\/p>\n<\/div>\n\n\n\n<div id=\"wp-block-themeisle-blocks-advanced-column-e50f7c48\" class=\"wp-block-themeisle-blocks-advanced-column\"><\/div>\n<\/div><\/div>\n\n\n\n<div id=\"wp-block-themeisle-blocks-advanced-columns-52fd1a65\" class=\"wp-block-themeisle-blocks-advanced-columns has-3-columns has-desktop-equal-layout has-tablet-equal-layout has-mobile-collapsedRows-layout has-vertical-unset\"><div class=\"wp-block-themeisle-blocks-advanced-columns-overlay\"><\/div><div class=\"innerblocks-wrap\">\n<div id=\"wp-block-themeisle-blocks-advanced-column-cc46d36a\" class=\"wp-block-themeisle-blocks-advanced-column\">\n<p class=\"has-text-align-left has-nv-c-2-color has-text-color\"><strong><strong>1998<\/strong> \u2013 2000<\/strong><\/p>\n<\/div>\n\n\n\n<div id=\"wp-block-themeisle-blocks-advanced-column-bef104a5\" class=\"wp-block-themeisle-blocks-advanced-column\">\n<p>Praxis f\u00fcr Thearapeutisches Figurenspiel\/Solothurn<\/p>\n<\/div>\n\n\n\n<div id=\"wp-block-themeisle-blocks-advanced-column-3547f322\" class=\"wp-block-themeisle-blocks-advanced-column\"><\/div>\n<\/div><\/div>\n\n\n\n<div id=\"wp-block-themeisle-blocks-advanced-columns-f668e80e\" class=\"wp-block-themeisle-blocks-advanced-columns has-3-columns has-desktop-equal-layout has-tablet-equal-layout has-mobile-collapsedRows-layout has-vertical-unset\"><div class=\"wp-block-themeisle-blocks-advanced-columns-overlay\"><\/div><div class=\"innerblocks-wrap\">\n<div id=\"wp-block-themeisle-blocks-advanced-column-6734b307\" class=\"wp-block-themeisle-blocks-advanced-column\">\n<p class=\"has-text-align-left has-nv-c-2-color has-text-color\"><strong>1996 \u2013 1998<\/strong><\/p>\n<\/div>\n\n\n\n<div id=\"wp-block-themeisle-blocks-advanced-column-ecc33103\" class=\"wp-block-themeisle-blocks-advanced-column\">\n<p>Ausbildung f\u00fcr Therapeutisches Figurenspiel\/Buochs<\/p>\n<\/div>\n\n\n\n<div id=\"wp-block-themeisle-blocks-advanced-column-4767ca01\" class=\"wp-block-themeisle-blocks-advanced-column\"><\/div>\n<\/div><\/div>\n\n\n\n<div id=\"wp-block-themeisle-blocks-advanced-columns-53267c4e\" class=\"wp-block-themeisle-blocks-advanced-columns has-3-columns has-desktop-equal-layout has-tablet-equal-layout has-mobile-collapsedRows-layout has-vertical-unset\"><div class=\"wp-block-themeisle-blocks-advanced-columns-overlay\"><\/div><div class=\"innerblocks-wrap\">\n<div id=\"wp-block-themeisle-blocks-advanced-column-d85b1b54\" class=\"wp-block-themeisle-blocks-advanced-column\">\n<p class=\"has-text-align-left has-nv-c-2-color has-text-color\"><strong>1994 \u2013 1996<\/strong><\/p>\n<\/div>\n\n\n\n<div id=\"wp-block-themeisle-blocks-advanced-column-9d55ce6b\" class=\"wp-block-themeisle-blocks-advanced-column\">\n<p>Arbeit als Sozialp\u00e4dagogin<\/p>\n<\/div>\n\n\n\n<div id=\"wp-block-themeisle-blocks-advanced-column-52e5fcff\" class=\"wp-block-themeisle-blocks-advanced-column\"><\/div>\n<\/div><\/div>\n\n\n\n<div id=\"wp-block-themeisle-blocks-advanced-columns-4498a20e\" class=\"wp-block-themeisle-blocks-advanced-columns has-3-columns has-desktop-equal-layout has-tablet-equal-layout has-mobile-collapsedRows-layout has-vertical-unset\"><div class=\"wp-block-themeisle-blocks-advanced-columns-overlay\"><\/div><div class=\"innerblocks-wrap\">\n<div id=\"wp-block-themeisle-blocks-advanced-column-00414080\" class=\"wp-block-themeisle-blocks-advanced-column\">\n<p class=\"has-text-align-left has-nv-c-2-color has-text-color\"><strong>1993<\/strong><\/p>\n<\/div>\n\n\n\n<div id=\"wp-block-themeisle-blocks-advanced-column-6e831f26\" class=\"wp-block-themeisle-blocks-advanced-column\">\n<p>Kinderg\u00e4rtnerin, P\u00e4dagogische Hochschule Solothurn<\/p>\n<\/div>\n\n\n\n<div id=\"wp-block-themeisle-blocks-advanced-column-956deb12\" class=\"wp-block-themeisle-blocks-advanced-column\"><\/div>\n<\/div><\/div>\n\n\n\n<div style=\"height:100px\" aria-hidden=\"true\" class=\"wp-block-spacer\"><\/div>\n","protected":false},"excerpt":{"rendered":"<p>Doris Schwaller Zu mir<\/p>\n","protected":false},"author":1,"featured_media":0,"parent":0,"menu_order":0,"comment_status":"closed","ping_status":"closed","template":"","meta":{"neve_meta_sidebar":"full-width","neve_meta_container":"","neve_meta_enable_content_width":"on","neve_meta_content_width":100,"neve_meta_title_alignment":"","neve_meta_author_avatar":"","neve_post_elements_order":"","neve_meta_disable_header":"","neve_meta_disable_footer":"","neve_meta_disable_title":"on","ngg_post_thumbnail":0,"_themeisle_gutenberg_block_has_review":false,"footnotes":""},"class_list":["post-484","page","type-page","status-publish","hentry"],"yoast_head":"<!-- This site is optimized with the Yoast SEO plugin v24.1 - https:\/\/yoast.com\/wordpress\/plugins\/seo\/ -->\n<title>Zu mir - Figurentheater Doris<\/title>\n<meta name=\"robots\" content=\"index, follow, max-snippet:-1, max-image-preview:large, max-video-preview:-1\" \/>\n<link rel=\"canonical\" href=\"https:\/\/doris-schwaller.ch\/index.php\/zu-mir\/\" \/>\n<meta property=\"og:locale\" content=\"de_DE\" \/>\n<meta property=\"og:type\" content=\"article\" \/>\n<meta property=\"og:title\" content=\"Zu mir - Figurentheater Doris\" \/>\n<meta property=\"og:description\" content=\"Doris Schwaller Zu mir\" \/>\n<meta property=\"og:url\" content=\"https:\/\/doris-schwaller.ch\/index.php\/zu-mir\/\" \/>\n<meta property=\"og:site_name\" content=\"Figurentheater Doris\" \/>\n<meta property=\"article:modified_time\" content=\"2025-05-27T15:15:39+00:00\" \/>\n<meta property=\"og:image\" content=\"https:\/\/doris-schwaller.ch\/wp-content\/uploads\/2023\/03\/biografie_foto_doris-scaled.jpg\" \/>\n\t<meta property=\"og:image:width\" content=\"1920\" \/>\n\t<meta property=\"og:image:height\" content=\"2560\" \/>\n\t<meta property=\"og:image:type\" content=\"image\/jpeg\" \/>\n<meta name=\"twitter:card\" content=\"summary_large_image\" \/>\n<meta name=\"twitter:label1\" content=\"Gesch\u00e4tzte Lesezeit\" \/>\n\t<meta name=\"twitter:data1\" content=\"1\u00a0Minute\" \/>\n<script type=\"application\/ld+json\" class=\"yoast-schema-graph\">{\"@context\":\"https:\/\/schema.org\",\"@graph\":[{\"@type\":\"WebPage\",\"@id\":\"https:\/\/doris-schwaller.ch\/index.php\/zu-mir\/\",\"url\":\"https:\/\/doris-schwaller.ch\/index.php\/zu-mir\/\",\"name\":\"Zu mir - Figurentheater Doris\",\"isPartOf\":{\"@id\":\"https:\/\/doris-schwaller.ch\/#website\"},\"primaryImageOfPage\":{\"@id\":\"https:\/\/doris-schwaller.ch\/index.php\/zu-mir\/#primaryimage\"},\"image\":{\"@id\":\"https:\/\/doris-schwaller.ch\/index.php\/zu-mir\/#primaryimage\"},\"thumbnailUrl\":\"https:\/\/doris-schwaller.ch\/wp-content\/uploads\/2023\/03\/biografie_foto_doris-768x1024.jpg\",\"datePublished\":\"2022-10-17T19:49:36+00:00\",\"dateModified\":\"2025-05-27T15:15:39+00:00\",\"breadcrumb\":{\"@id\":\"https:\/\/doris-schwaller.ch\/index.php\/zu-mir\/#breadcrumb\"},\"inLanguage\":\"de\",\"potentialAction\":[{\"@type\":\"ReadAction\",\"target\":[\"https:\/\/doris-schwaller.ch\/index.php\/zu-mir\/\"]}]},{\"@type\":\"ImageObject\",\"inLanguage\":\"de\",\"@id\":\"https:\/\/doris-schwaller.ch\/index.php\/zu-mir\/#primaryimage\",\"url\":\"https:\/\/doris-schwaller.ch\/wp-content\/uploads\/2023\/03\/biografie_foto_doris-scaled.jpg\",\"contentUrl\":\"https:\/\/doris-schwaller.ch\/wp-content\/uploads\/2023\/03\/biografie_foto_doris-scaled.jpg\",\"width\":1920,\"height\":2560},{\"@type\":\"BreadcrumbList\",\"@id\":\"https:\/\/doris-schwaller.ch\/index.php\/zu-mir\/#breadcrumb\",\"itemListElement\":[{\"@type\":\"ListItem\",\"position\":1,\"name\":\"Startseite\",\"item\":\"https:\/\/doris-schwaller.ch\/\"},{\"@type\":\"ListItem\",\"position\":2,\"name\":\"Zu mir\"}]},{\"@type\":\"WebSite\",\"@id\":\"https:\/\/doris-schwaller.ch\/#website\",\"url\":\"https:\/\/doris-schwaller.ch\/\",\"name\":\"Figurentheater Doris\",\"description\":\"Website \u00fcber Figurentheater und Erz\u00e4hlkunst\",\"potentialAction\":[{\"@type\":\"SearchAction\",\"target\":{\"@type\":\"EntryPoint\",\"urlTemplate\":\"https:\/\/doris-schwaller.ch\/?s={search_term_string}\"},\"query-input\":{\"@type\":\"PropertyValueSpecification\",\"valueRequired\":true,\"valueName\":\"search_term_string\"}}],\"inLanguage\":\"de\"}]}<\/script>\n<!-- \/ Yoast SEO plugin. -->","yoast_head_json":{"title":"Zu mir - Figurentheater Doris","robots":{"index":"index","follow":"follow","max-snippet":"max-snippet:-1","max-image-preview":"max-image-preview:large","max-video-preview":"max-video-preview:-1"},"canonical":"https:\/\/doris-schwaller.ch\/index.php\/zu-mir\/","og_locale":"de_DE","og_type":"article","og_title":"Zu mir - Figurentheater Doris","og_description":"Doris Schwaller Zu mir","og_url":"https:\/\/doris-schwaller.ch\/index.php\/zu-mir\/","og_site_name":"Figurentheater Doris","article_modified_time":"2025-05-27T15:15:39+00:00","og_image":[{"width":1920,"height":2560,"url":"https:\/\/doris-schwaller.ch\/wp-content\/uploads\/2023\/03\/biografie_foto_doris-scaled.jpg","type":"image\/jpeg"}],"twitter_card":"summary_large_image","twitter_misc":{"Gesch\u00e4tzte Lesezeit":"1\u00a0Minute"},"schema":{"@context":"https:\/\/schema.org","@graph":[{"@type":"WebPage","@id":"https:\/\/doris-schwaller.ch\/index.php\/zu-mir\/","url":"https:\/\/doris-schwaller.ch\/index.php\/zu-mir\/","name":"Zu mir - Figurentheater Doris","isPartOf":{"@id":"https:\/\/doris-schwaller.ch\/#website"},"primaryImageOfPage":{"@id":"https:\/\/doris-schwaller.ch\/index.php\/zu-mir\/#primaryimage"},"image":{"@id":"https:\/\/doris-schwaller.ch\/index.php\/zu-mir\/#primaryimage"},"thumbnailUrl":"https:\/\/doris-schwaller.ch\/wp-content\/uploads\/2023\/03\/biografie_foto_doris-768x1024.jpg","datePublished":"2022-10-17T19:49:36+00:00","dateModified":"2025-05-27T15:15:39+00:00","breadcrumb":{"@id":"https:\/\/doris-schwaller.ch\/index.php\/zu-mir\/#breadcrumb"},"inLanguage":"de","potentialAction":[{"@type":"ReadAction","target":["https:\/\/doris-schwaller.ch\/index.php\/zu-mir\/"]}]},{"@type":"ImageObject","inLanguage":"de","@id":"https:\/\/doris-schwaller.ch\/index.php\/zu-mir\/#primaryimage","url":"https:\/\/doris-schwaller.ch\/wp-content\/uploads\/2023\/03\/biografie_foto_doris-scaled.jpg","contentUrl":"https:\/\/doris-schwaller.ch\/wp-content\/uploads\/2023\/03\/biografie_foto_doris-scaled.jpg","width":1920,"height":2560},{"@type":"BreadcrumbList","@id":"https:\/\/doris-schwaller.ch\/index.php\/zu-mir\/#breadcrumb","itemListElement":[{"@type":"ListItem","position":1,"name":"Startseite","item":"https:\/\/doris-schwaller.ch\/"},{"@type":"ListItem","position":2,"name":"Zu mir"}]},{"@type":"WebSite","@id":"https:\/\/doris-schwaller.ch\/#website","url":"https:\/\/doris-schwaller.ch\/","name":"Figurentheater Doris","description":"Website \u00fcber Figurentheater und Erz\u00e4hlkunst","potentialAction":[{"@type":"SearchAction","target":{"@type":"EntryPoint","urlTemplate":"https:\/\/doris-schwaller.ch\/?s={search_term_string}"},"query-input":{"@type":"PropertyValueSpecification","valueRequired":true,"valueName":"search_term_string"}}],"inLanguage":"de"}]}},"_links":{"self":[{"href":"https:\/\/doris-schwaller.ch\/index.php\/wp-json\/wp\/v2\/pages\/484","targetHints":{"allow":["GET"]}}],"collection":[{"href":"https:\/\/doris-schwaller.ch\/index.php\/wp-json\/wp\/v2\/pages"}],"about":[{"href":"https:\/\/doris-schwaller.ch\/index.php\/wp-json\/wp\/v2\/types\/page"}],"author":[{"embeddable":true,"href":"https:\/\/doris-schwaller.ch\/index.php\/wp-json\/wp\/v2\/users\/1"}],"replies":[{"embeddable":true,"href":"https:\/\/doris-schwaller.ch\/index.php\/wp-json\/wp\/v2\/comments?post=484"}],"version-history":[{"count":59,"href":"https:\/\/doris-schwaller.ch\/index.php\/wp-json\/wp\/v2\/pages\/484\/revisions"}],"predecessor-version":[{"id":1206,"href":"https:\/\/doris-schwaller.ch\/index.php\/wp-json\/wp\/v2\/pages\/484\/revisions\/1206"}],"wp:attachment":[{"href":"https:\/\/doris-schwaller.ch\/index.php\/wp-json\/wp\/v2\/media?parent=484"}],"curies":[{"name":"wp","href":"https:\/\/api.w.org\/{rel}","templated":true}]}}